{"id":205,"date":"2026-01-04T09:28:51","date_gmt":"2026-01-04T09:28:51","guid":{"rendered":"https:\/\/kimquangpc.com\/?page_id=205"},"modified":"2026-01-13T03:14:32","modified_gmt":"2026-01-13T03:14:32","slug":"kho-phan-mem","status":"publish","type":"page","link":"https:\/\/kimquangpc.com\/index.php\/kho-phan-mem\/","title":{"rendered":"Kho Ph\u1ea7n M\u1ec1m"},"content":{"rendered":"\t\t<div data-elementor-type=\"wp-page\" data-elementor-id=\"205\" class=\"elementor elementor-205\" data-elementor-post-type=\"page\">\n\t\t\t\t<div class=\"elementor-element elementor-element-ab887ff e-flex e-con-boxed e-con e-parent\" data-id=\"ab887ff\" data-element_type=\"container\">\n\t\t\t\t\t<div class=\"e-con-inner\">\n\t\t<div class=\"elementor-element elementor-element-149b6f3 e-con-full e-flex e-con e-child\" data-id=\"149b6f3\" data-element_type=\"container\">\n\t\t<div class=\"elementor-element elementor-element-8f10ba1 e-grid e-con-full e-con e-child\" data-id=\"8f10ba1\" data-element_type=\"container\">\n\t\t\t\t<div class=\"elementor-element elementor-element-9a45ad4 elementor-widget elementor-widget-tahefobu-site-logo\" data-id=\"9a45ad4\" data-element_type=\"widget\" data-widget_type=\"tahefobu-site-logo.default\">\n\t\t\t\t<div class=\"elementor-widget-container\">\n\t\t\t\t\t        <div class=\"tahefobu-site-logo-wrapper\">\r\n            <div class=\"tahefobu-site-logo\">\r\n                                    <a href=\"https:\/\/kimquangpc.com\/\">\r\n                      <img decoding=\"async\" src=\"https:\/\/kimquangpc.com\/wp-content\/uploads\/2025\/12\/Add-a-heading.webp\" alt=\"Vi T\u00ednh Kim Quang\" \/>                    <\/a>\r\n                            <\/div>\r\n        <\/div>\r\n        \t\t\t\t<\/div>\n\t\t\t\t<\/div>\n\t\t\t\t<div class=\"elementor-element elementor-element-b59ba0e tahefobu-main-menu-align-left tahefobu-main-menu-align--tabletleft tahefobu-main-menu-align--mobileleft tahefobu-sub-icon-caret-down tahefobu-nav-menu-bp-mobile tahefobu-mobile-menu-full-width tahefobu-mobile-menu-item-align-center tahefobu-mobile-toggle-v1 tahefobu-sub-divider-yes tahefobu-mobile-divider-yes elementor-widget elementor-widget-tahefobu-navigation-menu\" data-id=\"b59ba0e\" data-element_type=\"widget\" data-widget_type=\"tahefobu-navigation-menu.default\">\n\t\t\t\t<div class=\"elementor-widget-container\">\n\t\t\t\t\t<nav class=\"tahefobu-nav-menu-container tahefobu-nav-menu-horizontal\" data-trigger=\"hover\"><ul id=\"menu-1-b59ba0e\" class=\"tahefobu-nav-menu\"><li class=\"menu-item menu-item-type-post_type menu-item-object-page menu-item-home menu-item-has-children menu-item-160\"><a href=\"https:\/\/kimquangpc.com\/\" class=\"tahefobu-menu-item tahefobu-pointer-item\">Trang Ch\u1ee7<i class=\"tahefobu-sub-icon fas\" aria-hidden=\"true\"><\/i><\/a>\n<ul class=\"sub-menu tahefobu-sub-menu\">\n\t<li class=\"menu-item menu-item-type-post_type menu-item-object-page menu-item-162\"><a href=\"https:\/\/kimquangpc.com\/index.php\/may-tinh\/\" class=\"tahefobu-sub-menu-item\">M\u00e1y T\u00ednh<\/a><\/li>\n\t<li class=\"menu-item menu-item-type-post_type menu-item-object-page menu-item-161\"><a href=\"https:\/\/kimquangpc.com\/index.php\/camera\/\" class=\"tahefobu-sub-menu-item\">Camera<\/a><\/li>\n\t<li class=\"menu-item menu-item-type-post_type menu-item-object-page menu-item-179\"><a href=\"https:\/\/kimquangpc.com\/index.php\/may-in\/\" class=\"tahefobu-sub-menu-item\">M\u00e1y in<\/a><\/li>\n<\/ul>\n<\/li>\n<li class=\"menu-item menu-item-type-post_type menu-item-object-page menu-item-206\"><a href=\"https:\/\/kimquangpc.com\/index.php\/kho-phan-mem\/\" class=\"tahefobu-menu-item tahefobu-pointer-item\">Kho Ph\u1ea7n M\u1ec1m<\/a><\/li>\n<li class=\"menu-item menu-item-type-post_type menu-item-object-page menu-item-188\"><a href=\"https:\/\/kimquangpc.com\/index.php\/lien-he\/\" class=\"tahefobu-menu-item tahefobu-pointer-item\">Li\u00ean h\u1ec7<\/a><\/li>\n<\/ul><\/nav><nav class=\"tahefobu-mobile-nav-menu-container\"><div class=\"tahefobu-mobile-toggle-wrap\"><div class=\"tahefobu-mobile-toggle\"><span class=\"tahefobu-mobile-toggle-line\"><\/span><span class=\"tahefobu-mobile-toggle-line\"><\/span><span class=\"tahefobu-mobile-toggle-line\"><\/span><\/div><\/div><ul id=\"mobile-menu-2-b59ba0e\" class=\"tahefobu-mobile-nav-menu\"><li class=\"menu-item menu-item-type-post_type menu-item-object-page menu-item-home menu-item-has-children menu-item-160\"><a href=\"https:\/\/kimquangpc.com\/\" class=\"tahefobu-mobile-menu-item\">Trang Ch\u1ee7<\/a>\n<ul class=\"sub-menu tahefobu-sub-menu\">\n\t<li class=\"menu-item menu-item-type-post_type menu-item-object-page menu-item-162\"><a href=\"https:\/\/kimquangpc.com\/index.php\/may-tinh\/\" class=\"tahefobu-mobile-sub-menu-item\">M\u00e1y T\u00ednh<\/a><\/li>\n\t<li class=\"menu-item menu-item-type-post_type menu-item-object-page menu-item-161\"><a href=\"https:\/\/kimquangpc.com\/index.php\/camera\/\" class=\"tahefobu-mobile-sub-menu-item\">Camera<\/a><\/li>\n\t<li class=\"menu-item menu-item-type-post_type menu-item-object-page menu-item-179\"><a href=\"https:\/\/kimquangpc.com\/index.php\/may-in\/\" class=\"tahefobu-mobile-sub-menu-item\">M\u00e1y in<\/a><\/li>\n<\/ul>\n<\/li>\n<li class=\"menu-item menu-item-type-post_type menu-item-object-page menu-item-206\"><a href=\"https:\/\/kimquangpc.com\/index.php\/kho-phan-mem\/\" class=\"tahefobu-mobile-menu-item\">Kho Ph\u1ea7n M\u1ec1m<\/a><\/li>\n<li class=\"menu-item menu-item-type-post_type menu-item-object-page menu-item-188\"><a href=\"https:\/\/kimquangpc.com\/index.php\/lien-he\/\" class=\"tahefobu-mobile-menu-item\">Li\u00ean h\u1ec7<\/a><\/li>\n<\/ul><\/nav>\t\t\t\t<\/div>\n\t\t\t\t<\/div>\n\t\t\t\t<\/div>\n\t\t\t\t<\/div>\n\t\t\t\t<div class=\"elementor-element elementor-element-b70c64b elementor-widget elementor-widget-html\" data-id=\"b70c64b\" data-element_type=\"widget\" data-widget_type=\"html.default\">\n\t\t\t\t\t<!DOCTYPE html>\r\n<html lang=\"vi\">\r\n<head>\r\n    <meta charset=\"UTF-8\">\r\n    <title>Download Ph\u1ea7n M\u1ec1m | Vi T\u00ednh Kim Quang<\/title>\r\n    <meta name=\"viewport\" content=\"width=device-width, initial-scale=1.0\">\r\n    <meta name=\"description\" content=\"Trang t\u1ea3i ph\u1ea7n m\u1ec1m, driver, c\u00f4ng c\u1ee5 m\u00e1y t\u00ednh mi\u1ec5n ph\u00ed t\u1ea1i Vi T\u00ednh Kim Quang\">\r\n    <style>\r\n        body{font-family:Segoe UI,Arial,sans-serif;background:#f5f6f8;margin:0}\r\n        \/* HERO *\/\r\n        .hero{background:linear-gradient(135deg,#c62828,#ff5252);color:#fff;padding:50px 20px;position:relative;overflow:hidden}\r\n        .hero::after{content:\"\";position:absolute;right:-100px;top:-100px;width:300px;height:300px;background:rgba(255,255,255,.1);border-radius:50%}\r\n        .hero-inner{max-width:1100px;margin:auto;display:grid;grid-template-columns:1fr auto;gap:30px;align-items:center}\r\n        .hero-text h1{margin:0;font-size:32px}\r\n        .hero-text p{margin:10px 0 20px;font-size:16px;opacity:.95}\r\n        .hero-actions{display:flex;gap:12px;flex-wrap:wrap}\r\n        .hero-btn{padding:12px 18px;border-radius:30px;text-decoration:none;font-weight:600;font-size:14px}\r\n        .hero-btn.primary{background:#fff;color:#c62828}\r\n        .hero-btn.primary:hover{background:#ffeaea}\r\n        .hero-btn.secondary{border:2px solid #fff;color:#fff}\r\n        .hero-btn.secondary:hover{background:rgba(255,255,255,.15)}\r\n        .hero-badge{background:#fff;color:#c62828;font-weight:700;padding:18px 20px;border-radius:16px;text-align:center;box-shadow:0 10px 25px rgba(0,0,0,.25)}\r\n        \/* MAIN *\/\r\n        .container{max-width:1100px;margin:auto;padding:20px}\r\n        .search{margin-bottom:20px}\r\n        .search input{width:100%;padding:12px;border:1px solid #ccc;border-radius:6px}\r\n        .category{margin-bottom:30px}\r\n        .category h2{background:#fce8e6;color:#b71c1c;padding:10px 15px;border-left:5px solid #c62828}\r\n        table{width:100%;border-collapse:collapse;background:#fff}\r\n        th,td{padding:12px;border-bottom:1px solid #eee;text-align:left}\r\n        th{background:#fafafa}\r\n        .btn{background:#c62828;color:#fff;padding:8px 14px;border-radius:6px;text-decoration:none;font-size:14px}\r\n        .btn:hover{background:#a81f1f}\r\n        footer{background:#222;color:#ccc;text-align:center;padding:15px;font-size:13px}\r\n        @media(max-width:768px){.hero-inner{grid-template-columns:1fr}.hero-badge{display:none}.hero-text h1{font-size:26px}}\r\n    <\/style>\r\n<\/head>\r\n<body>\r\n\r\n\r\n\r\n<div class=\"container\">\r\n\r\n    <div class=\"search\">\r\n        <input type=\"text\" id=\"searchInput\" placeholder=\"\ud83d\udd0d T\u00ecm ph\u1ea7n m\u1ec1m...\" onkeyup=\"searchSoftware()\">\r\n    <\/div>\r\n\r\n    <div class=\"category\">\r\n        <h2>\ud83d\udd27 Driver<\/h2>\r\n        <table class=\"softTable\">\r\n            <tr><th>T\u00ean ph\u1ea7n m\u1ec1m<\/th><th>M\u00f4 t\u1ea3<\/th><th>T\u1ea3i v\u1ec1<\/th><\/tr>\r\n            <tr><td>Easy Drv7 Win10<\/td><td>Ph\u1ea7n m\u1ec1m c\u00e0i driver t\u1ef1 \u0111\u1ed9ng<\/td><td><a class=\"btn\" href=\"#\">Download<\/a><\/td><\/tr>\r\n            \r\n        <\/table>\r\n    <\/div>\r\n\r\n    <div class=\"category\">\r\n        <h2>\ud83d\udcc4 Ph\u1ea7n m\u1ec1m v\u0103n ph\u00f2ng<\/h2>\r\n        <table class=\"softTable\">\r\n            <tr><th>T\u00ean ph\u1ea7n m\u1ec1m<\/th><th>M\u00f4 t\u1ea3<\/th><th>T\u1ea3i v\u1ec1<\/th><\/tr>\r\n            <tr><td>Microsoft Office 365<\/td><td>Word, Excel, PowerPoint<\/td><td><a class=\"btn\" href=\"https:\/\/drive.google.com\/drive\/folders\/1z1CzovSH6in4oJAlPxfaQGBMv_T1lIhq?usp=sharing\">Download<\/a><\/td><\/tr>\r\n            \r\n            <tr><td>Photoshop cc 2020<\/td><td>B\u1ed9  mi\u1ec5n ph\u00ed<\/td><td><a class=\"btn\" href=\"https:\/\/drive.google.com\/drive\/folders\/1OG96Cene4_H9oKuKqXvcFlCU4gh89yj_?usp=sharing\">Download<\/a><\/td><\/tr>\r\n            <tr><td>Foxit phantom 10<\/td><td>Ph\u1ea7n m\u1ec1m ch\u1ec9nh s\u1eeda file PDF<\/td><td><a class=\"btn\" href=\"https:\/\/drive.google.com\/drive\/folders\/1Zi2Xetodm70rOyHEw-iT_Jp2CpvUW5AP?usp=sharing\">Download<\/a><\/td><\/tr>\r\n        <\/table>\r\n    <\/div>\r\n\r\n    <div class=\"category\">\r\n        <h2>\ud83d\udee1\ufe0f Di\u1ec7t virus - Utilities<\/h2>\r\n        <table class=\"softTable\">\r\n            <tr><th>T\u00ean ph\u1ea7n m\u1ec1m<\/th><th>M\u00f4 t\u1ea3<\/th><th>T\u1ea3i v\u1ec1<\/th><\/tr>\r\n            <tr><td>Anydesk<\/td><td>Truy c\u1eadp m\u00e1y t\u00ednh t\u1eeb xa<\/td><td><a class=\"btn\" href=\"https:\/\/drive.google.com\/file\/d\/1tNNyMkEv6ltD5UxWncynaVcFwtQsSWHi\/view?usp=sharing\">Download<\/a><\/td><\/tr>\r\n            <tr><td>file s\u1eeda l\u1ed7i b\u1ea3n quy\u1ec1n<\/td><td>D\u00f9ng cho win v\u00e0 office<\/td><td><a class=\"btn\" href=\"https:\/\/drive.google.com\/file\/d\/16JIMVyPVszI3kCMLpMMmKZsHV7zdqPRV\/view?usp=sharing\">Download<\/a><\/td><\/tr>\r\n        <\/table>\r\n    <\/div>\r\n\r\n<\/div>\r\n\r\n<footer>\r\n    \u00a9 2026 Vi T\u00ednh Kim Quang | 931 L\u0169y B\u00e1n B\u00edch, TP.HCM | Hotline: 0966 102 872\r\n<\/footer>\r\n\r\n<script>\r\nfunction searchSoftware() {\r\n    let input = document.getElementById('searchInput').value.toLowerCase();\r\n    let tables = document.querySelectorAll('.softTable tr');\r\n    tables.forEach((row, index) => {\r\n        if(index === 0) return;\r\n        let text = row.innerText.toLowerCase();\r\n        row.style.display = text.includes(input) ? '' : 'none';\r\n    });\r\n}\r\n<\/script>\r\n\r\n<\/body>\r\n<\/html>\r\n\t\t\t\t<\/div>\n\t\t\t\t\t<\/div>\n\t\t\t\t<\/div>\n\t\t\t\t<\/div>\n\t\t","protected":false},"excerpt":{"rendered":"<p>Trang Ch\u1ee7 M\u00e1y T\u00ednh Camera M\u00e1y in Kho Ph\u1ea7n M\u1ec1m Li\u00ean h\u1ec7 Trang Ch\u1ee7 M\u00e1y T\u00ednh Camera M\u00e1y in Kho Ph\u1ea7n M\u1ec1m Li\u00ean h\u1ec7 &nbsp; \ud83d\udd27 Driver T\u00ean ph\u1ea7n m\u1ec1m M\u00f4 t\u1ea3 T\u1ea3i v\u1ec1 Easy Drv7 Win10 Ph\u1ea7n m\u1ec1m c\u00e0i driver t\u1ef1 \u0111\u1ed9ng Download \ud83d\udcc4 Ph\u1ea7n m\u1ec1m v\u0103n ph\u00f2ng T\u00ean ph\u1ea7n m\u1ec1m M\u00f4 t\u1ea3 T\u1ea3i &#8230; <a title=\"Kho Ph\u1ea7n M\u1ec1m\" class=\"read-more\" href=\"https:\/\/kimquangpc.com\/index.php\/kho-phan-mem\/\" aria-label=\"Read more about Kho Ph\u1ea7n M\u1ec1m\">Read more<\/a><\/p>\n","protected":false},"author":1,"featured_media":0,"parent":0,"menu_order":0,"comment_status":"closed","ping_status":"closed","template":"elementor_canvas","meta":{"footnotes":""},"class_list":["post-205","page","type-page","status-publish"],"yoast_head":"<!-- This site is optimized with the Yoast SEO plugin v27.4 - https:\/\/yoast.com\/product\/yoast-seo-wordpress\/ -->\n<title>Kho Ph\u1ea7n M\u1ec1m - Vi T\u00ednh Kim Quang<\/title>\n<meta name=\"description\" content=\"Kho ph\u1ea7n m\u1ec1m mi\u1ec5n ph\u00ed t\u1ea1i Vi t\u00ednh Kim Quang \u2013 T\u1ed5ng h\u1ee3p \u0111\u1ea7y \u0111\u1ee7 c\u00e1c ph\u1ea7n m\u1ec1m v\u0103n ph\u00f2ng, \u0111\u1ed3 h\u1ecda, h\u1ec7 \u0111i\u1ec1u h\u00e0nh v\u00e0 ti\u1ec7n \u00edch m\u00e1y t\u00ednh. Link t\u1ea3i t\u1ed1c \u0111\u1ed9 cao, \u0111\u00e3 qua ki\u1ec3m duy\u1ec7t an to\u00e0n 100%. Truy c\u1eadp v\u00e0 t\u1ea3i ngay!\" \/>\n<meta name=\"robots\" content=\"index, follow, max-snippet:-1, max-image-preview:large, max-video-preview:-1\" \/>\n<link rel=\"canonical\" href=\"https:\/\/kimquangpc.com\/index.php\/kho-phan-mem\/\" \/>\n<meta property=\"og:locale\" content=\"en_US\" \/>\n<meta property=\"og:type\" content=\"article\" \/>\n<meta property=\"og:title\" content=\"Kho Ph\u1ea7n M\u1ec1m - Vi T\u00ednh Kim Quang\" \/>\n<meta property=\"og:description\" content=\"Kho ph\u1ea7n m\u1ec1m mi\u1ec5n ph\u00ed t\u1ea1i Vi t\u00ednh Kim Quang \u2013 T\u1ed5ng h\u1ee3p \u0111\u1ea7y \u0111\u1ee7 c\u00e1c ph\u1ea7n m\u1ec1m v\u0103n ph\u00f2ng, \u0111\u1ed3 h\u1ecda, h\u1ec7 \u0111i\u1ec1u h\u00e0nh v\u00e0 ti\u1ec7n \u00edch m\u00e1y t\u00ednh. Link t\u1ea3i t\u1ed1c \u0111\u1ed9 cao, \u0111\u00e3 qua ki\u1ec3m duy\u1ec7t an to\u00e0n 100%. Truy c\u1eadp v\u00e0 t\u1ea3i ngay!\" \/>\n<meta property=\"og:url\" content=\"https:\/\/kimquangpc.com\/index.php\/kho-phan-mem\/\" \/>\n<meta property=\"og:site_name\" content=\"Vi T\u00ednh Kim Quang\" \/>\n<meta property=\"article:modified_time\" content=\"2026-01-13T03:14:32+00:00\" \/>\n<meta property=\"og:image\" content=\"https:\/\/kimquangpc.com\/wp-content\/uploads\/2025\/12\/Add-a-heading.webp\" \/>\n<meta name=\"twitter:card\" content=\"summary_large_image\" \/>\n<meta name=\"twitter:label1\" content=\"Est. reading time\" \/>\n\t<meta name=\"twitter:data1\" content=\"1 minute\" \/>\n<script type=\"application\/ld+json\" class=\"yoast-schema-graph\">{\"@context\":\"https:\\\/\\\/schema.org\",\"@graph\":[{\"@type\":\"WebPage\",\"@id\":\"https:\\\/\\\/kimquangpc.com\\\/index.php\\\/kho-phan-mem\\\/\",\"url\":\"https:\\\/\\\/kimquangpc.com\\\/index.php\\\/kho-phan-mem\\\/\",\"name\":\"Kho Ph\u1ea7n M\u1ec1m - Vi T\u00ednh Kim Quang\",\"isPartOf\":{\"@id\":\"https:\\\/\\\/kimquangpc.com\\\/#website\"},\"primaryImageOfPage\":{\"@id\":\"https:\\\/\\\/kimquangpc.com\\\/index.php\\\/kho-phan-mem\\\/#primaryimage\"},\"image\":{\"@id\":\"https:\\\/\\\/kimquangpc.com\\\/index.php\\\/kho-phan-mem\\\/#primaryimage\"},\"thumbnailUrl\":\"https:\\\/\\\/kimquangpc.com\\\/wp-content\\\/uploads\\\/2025\\\/12\\\/Add-a-heading.webp\",\"datePublished\":\"2026-01-04T09:28:51+00:00\",\"dateModified\":\"2026-01-13T03:14:32+00:00\",\"description\":\"Kho ph\u1ea7n m\u1ec1m mi\u1ec5n ph\u00ed t\u1ea1i Vi t\u00ednh Kim Quang \u2013 T\u1ed5ng h\u1ee3p \u0111\u1ea7y \u0111\u1ee7 c\u00e1c ph\u1ea7n m\u1ec1m v\u0103n ph\u00f2ng, \u0111\u1ed3 h\u1ecda, h\u1ec7 \u0111i\u1ec1u h\u00e0nh v\u00e0 ti\u1ec7n \u00edch m\u00e1y t\u00ednh. Link t\u1ea3i t\u1ed1c \u0111\u1ed9 cao, \u0111\u00e3 qua ki\u1ec3m duy\u1ec7t an to\u00e0n 100%. Truy c\u1eadp v\u00e0 t\u1ea3i ngay!\",\"breadcrumb\":{\"@id\":\"https:\\\/\\\/kimquangpc.com\\\/index.php\\\/kho-phan-mem\\\/#breadcrumb\"},\"inLanguage\":\"en-US\",\"potentialAction\":[{\"@type\":\"ReadAction\",\"target\":[\"https:\\\/\\\/kimquangpc.com\\\/index.php\\\/kho-phan-mem\\\/\"]}]},{\"@type\":\"ImageObject\",\"inLanguage\":\"en-US\",\"@id\":\"https:\\\/\\\/kimquangpc.com\\\/index.php\\\/kho-phan-mem\\\/#primaryimage\",\"url\":\"https:\\\/\\\/kimquangpc.com\\\/wp-content\\\/uploads\\\/2025\\\/12\\\/Add-a-heading.webp\",\"contentUrl\":\"https:\\\/\\\/kimquangpc.com\\\/wp-content\\\/uploads\\\/2025\\\/12\\\/Add-a-heading.webp\",\"width\":500,\"height\":88},{\"@type\":\"BreadcrumbList\",\"@id\":\"https:\\\/\\\/kimquangpc.com\\\/index.php\\\/kho-phan-mem\\\/#breadcrumb\",\"itemListElement\":[{\"@type\":\"ListItem\",\"position\":1,\"name\":\"Home\",\"item\":\"https:\\\/\\\/kimquangpc.com\\\/\"},{\"@type\":\"ListItem\",\"position\":2,\"name\":\"Kho Ph\u1ea7n M\u1ec1m\"}]},{\"@type\":\"WebSite\",\"@id\":\"https:\\\/\\\/kimquangpc.com\\\/#website\",\"url\":\"https:\\\/\\\/kimquangpc.com\\\/\",\"name\":\"Vi T\u00ednh Kim Quang\",\"description\":\"\",\"publisher\":{\"@id\":\"https:\\\/\\\/kimquangpc.com\\\/#\\\/schema\\\/person\\\/f8889b2a3f037ba257d00e74d603965d\"},\"potentialAction\":[{\"@type\":\"SearchAction\",\"target\":{\"@type\":\"EntryPoint\",\"urlTemplate\":\"https:\\\/\\\/kimquangpc.com\\\/?s={search_term_string}\"},\"query-input\":{\"@type\":\"PropertyValueSpecification\",\"valueRequired\":true,\"valueName\":\"search_term_string\"}}],\"inLanguage\":\"en-US\"},{\"@type\":[\"Person\",\"Organization\"],\"@id\":\"https:\\\/\\\/kimquangpc.com\\\/#\\\/schema\\\/person\\\/f8889b2a3f037ba257d00e74d603965d\",\"name\":\"admin\",\"image\":{\"@type\":\"ImageObject\",\"inLanguage\":\"en-US\",\"@id\":\"https:\\\/\\\/kimquangpc.com\\\/wp-content\\\/uploads\\\/2025\\\/12\\\/Add-a-heading.webp\",\"url\":\"https:\\\/\\\/kimquangpc.com\\\/wp-content\\\/uploads\\\/2025\\\/12\\\/Add-a-heading.webp\",\"contentUrl\":\"https:\\\/\\\/kimquangpc.com\\\/wp-content\\\/uploads\\\/2025\\\/12\\\/Add-a-heading.webp\",\"width\":500,\"height\":88,\"caption\":\"admin\"},\"logo\":{\"@id\":\"https:\\\/\\\/kimquangpc.com\\\/wp-content\\\/uploads\\\/2025\\\/12\\\/Add-a-heading.webp\"},\"sameAs\":[\"https:\\\/\\\/kimquangpc.com\"]}]}<\/script>\n<!-- \/ Yoast SEO plugin. -->","yoast_head_json":{"title":"Kho Ph\u1ea7n M\u1ec1m - Vi T\u00ednh Kim Quang","description":"Kho ph\u1ea7n m\u1ec1m mi\u1ec5n ph\u00ed t\u1ea1i Vi t\u00ednh Kim Quang \u2013 T\u1ed5ng h\u1ee3p \u0111\u1ea7y \u0111\u1ee7 c\u00e1c ph\u1ea7n m\u1ec1m v\u0103n ph\u00f2ng, \u0111\u1ed3 h\u1ecda, h\u1ec7 \u0111i\u1ec1u h\u00e0nh v\u00e0 ti\u1ec7n \u00edch m\u00e1y t\u00ednh. Link t\u1ea3i t\u1ed1c \u0111\u1ed9 cao, \u0111\u00e3 qua ki\u1ec3m duy\u1ec7t an to\u00e0n 100%. Truy c\u1eadp v\u00e0 t\u1ea3i ngay!","robots":{"index":"index","follow":"follow","max-snippet":"max-snippet:-1","max-image-preview":"max-image-preview:large","max-video-preview":"max-video-preview:-1"},"canonical":"https:\/\/kimquangpc.com\/index.php\/kho-phan-mem\/","og_locale":"en_US","og_type":"article","og_title":"Kho Ph\u1ea7n M\u1ec1m - Vi T\u00ednh Kim Quang","og_description":"Kho ph\u1ea7n m\u1ec1m mi\u1ec5n ph\u00ed t\u1ea1i Vi t\u00ednh Kim Quang \u2013 T\u1ed5ng h\u1ee3p \u0111\u1ea7y \u0111\u1ee7 c\u00e1c ph\u1ea7n m\u1ec1m v\u0103n ph\u00f2ng, \u0111\u1ed3 h\u1ecda, h\u1ec7 \u0111i\u1ec1u h\u00e0nh v\u00e0 ti\u1ec7n \u00edch m\u00e1y t\u00ednh. Link t\u1ea3i t\u1ed1c \u0111\u1ed9 cao, \u0111\u00e3 qua ki\u1ec3m duy\u1ec7t an to\u00e0n 100%. Truy c\u1eadp v\u00e0 t\u1ea3i ngay!","og_url":"https:\/\/kimquangpc.com\/index.php\/kho-phan-mem\/","og_site_name":"Vi T\u00ednh Kim Quang","article_modified_time":"2026-01-13T03:14:32+00:00","og_image":[{"url":"https:\/\/kimquangpc.com\/wp-content\/uploads\/2025\/12\/Add-a-heading.webp","type":"","width":"","height":""}],"twitter_card":"summary_large_image","twitter_misc":{"Est. reading time":"1 minute"},"schema":{"@context":"https:\/\/schema.org","@graph":[{"@type":"WebPage","@id":"https:\/\/kimquangpc.com\/index.php\/kho-phan-mem\/","url":"https:\/\/kimquangpc.com\/index.php\/kho-phan-mem\/","name":"Kho Ph\u1ea7n M\u1ec1m - Vi T\u00ednh Kim Quang","isPartOf":{"@id":"https:\/\/kimquangpc.com\/#website"},"primaryImageOfPage":{"@id":"https:\/\/kimquangpc.com\/index.php\/kho-phan-mem\/#primaryimage"},"image":{"@id":"https:\/\/kimquangpc.com\/index.php\/kho-phan-mem\/#primaryimage"},"thumbnailUrl":"https:\/\/kimquangpc.com\/wp-content\/uploads\/2025\/12\/Add-a-heading.webp","datePublished":"2026-01-04T09:28:51+00:00","dateModified":"2026-01-13T03:14:32+00:00","description":"Kho ph\u1ea7n m\u1ec1m mi\u1ec5n ph\u00ed t\u1ea1i Vi t\u00ednh Kim Quang \u2013 T\u1ed5ng h\u1ee3p \u0111\u1ea7y \u0111\u1ee7 c\u00e1c ph\u1ea7n m\u1ec1m v\u0103n ph\u00f2ng, \u0111\u1ed3 h\u1ecda, h\u1ec7 \u0111i\u1ec1u h\u00e0nh v\u00e0 ti\u1ec7n \u00edch m\u00e1y t\u00ednh. Link t\u1ea3i t\u1ed1c \u0111\u1ed9 cao, \u0111\u00e3 qua ki\u1ec3m duy\u1ec7t an to\u00e0n 100%. Truy c\u1eadp v\u00e0 t\u1ea3i ngay!","breadcrumb":{"@id":"https:\/\/kimquangpc.com\/index.php\/kho-phan-mem\/#breadcrumb"},"inLanguage":"en-US","potentialAction":[{"@type":"ReadAction","target":["https:\/\/kimquangpc.com\/index.php\/kho-phan-mem\/"]}]},{"@type":"ImageObject","inLanguage":"en-US","@id":"https:\/\/kimquangpc.com\/index.php\/kho-phan-mem\/#primaryimage","url":"https:\/\/kimquangpc.com\/wp-content\/uploads\/2025\/12\/Add-a-heading.webp","contentUrl":"https:\/\/kimquangpc.com\/wp-content\/uploads\/2025\/12\/Add-a-heading.webp","width":500,"height":88},{"@type":"BreadcrumbList","@id":"https:\/\/kimquangpc.com\/index.php\/kho-phan-mem\/#breadcrumb","itemListElement":[{"@type":"ListItem","position":1,"name":"Home","item":"https:\/\/kimquangpc.com\/"},{"@type":"ListItem","position":2,"name":"Kho Ph\u1ea7n M\u1ec1m"}]},{"@type":"WebSite","@id":"https:\/\/kimquangpc.com\/#website","url":"https:\/\/kimquangpc.com\/","name":"Vi T\u00ednh Kim Quang","description":"","publisher":{"@id":"https:\/\/kimquangpc.com\/#\/schema\/person\/f8889b2a3f037ba257d00e74d603965d"},"potentialAction":[{"@type":"SearchAction","target":{"@type":"EntryPoint","urlTemplate":"https:\/\/kimquangpc.com\/?s={search_term_string}"},"query-input":{"@type":"PropertyValueSpecification","valueRequired":true,"valueName":"search_term_string"}}],"inLanguage":"en-US"},{"@type":["Person","Organization"],"@id":"https:\/\/kimquangpc.com\/#\/schema\/person\/f8889b2a3f037ba257d00e74d603965d","name":"admin","image":{"@type":"ImageObject","inLanguage":"en-US","@id":"https:\/\/kimquangpc.com\/wp-content\/uploads\/2025\/12\/Add-a-heading.webp","url":"https:\/\/kimquangpc.com\/wp-content\/uploads\/2025\/12\/Add-a-heading.webp","contentUrl":"https:\/\/kimquangpc.com\/wp-content\/uploads\/2025\/12\/Add-a-heading.webp","width":500,"height":88,"caption":"admin"},"logo":{"@id":"https:\/\/kimquangpc.com\/wp-content\/uploads\/2025\/12\/Add-a-heading.webp"},"sameAs":["https:\/\/kimquangpc.com"]}]}},"_links":{"self":[{"href":"https:\/\/kimquangpc.com\/index.php\/wp-json\/wp\/v2\/pages\/205","targetHints":{"allow":["GET"]}}],"collection":[{"href":"https:\/\/kimquangpc.com\/index.php\/wp-json\/wp\/v2\/pages"}],"about":[{"href":"https:\/\/kimquangpc.com\/index.php\/wp-json\/wp\/v2\/types\/page"}],"author":[{"embeddable":true,"href":"https:\/\/kimquangpc.com\/index.php\/wp-json\/wp\/v2\/users\/1"}],"replies":[{"embeddable":true,"href":"https:\/\/kimquangpc.com\/index.php\/wp-json\/wp\/v2\/comments?post=205"}],"version-history":[{"count":36,"href":"https:\/\/kimquangpc.com\/index.php\/wp-json\/wp\/v2\/pages\/205\/revisions"}],"predecessor-version":[{"id":282,"href":"https:\/\/kimquangpc.com\/index.php\/wp-json\/wp\/v2\/pages\/205\/revisions\/282"}],"wp:attachment":[{"href":"https:\/\/kimquangpc.com\/index.php\/wp-json\/wp\/v2\/media?parent=205"}],"curies":[{"name":"wp","href":"https:\/\/api.w.org\/{rel}","templated":true}]}}